{"id":1630,"date":"2023-09-26T12:54:44","date_gmt":"2023-09-26T12:54:44","guid":{"rendered":"https:\/\/domodomos.com\/?page_id=1630"},"modified":"2023-09-26T18:04:41","modified_gmt":"2023-09-26T18:04:41","slug":"domos-para-eventos","status":"publish","type":"page","link":"https:\/\/domodomos.com\/en\/domos-para-eventos\/","title":{"rendered":"Event Domes"},"content":{"rendered":"\t\t<div data-elementor-type=\"wp-page\" data-elementor-id=\"1630\" class=\"elementor elementor-1630\" data-elementor-post-type=\"page\">\n\t\t\t\t\t\t<section class=\"elementor-section elementor-top-section elementor-element elementor-element-d978bc9 elementor-section-height-min-height elementor-section-boxed elementor-section-height-default elementor-section-items-middle\" data-id=\"d978bc9\" data-element_type=\"section\" data-e-type=\"section\" data-settings=\"{&quot;background_background&quot;:&quot;classic&quot;,&quot;shape_divider_bottom&quot;:&quot;mountains&quot;}\">\n\t\t\t\t\t\t\t<div class=\"elementor-background-overlay\"><\/div>\n\t\t\t\t\t\t<div class=\"elementor-shape elementor-shape-bottom\" aria-hidden=\"true\" data-negative=\"false\">\n\t\t\t<svg xmlns=\"http:\/\/www.w3.org\/2000\/svg\" viewBox=\"0 0 1000 100\" preserveAspectRatio=\"none\">\n\t<path class=\"elementor-shape-fill\" opacity=\"0.33\" d=\"M473,67.3c-203.9,88.3-263.1-34-320.3,0C66,119.1,0,59.7,0,59.7V0h1000v59.7 c0,0-62.1,26.1-94.9,29.3c-32.8,3.3-62.8-12.3-75.8-22.1C806,49.6,745.3,8.7,694.9,4.7S492.4,59,473,67.3z\"\/>\n\t<path class=\"elementor-shape-fill\" opacity=\"0.66\" d=\"M734,67.3c-45.5,0-77.2-23.2-129.1-39.1c-28.6-8.7-150.3-10.1-254,39.1 s-91.7-34.4-149.2,0C115.7,118.3,0,39.8,0,39.8V0h1000v36.5c0,0-28.2-18.5-92.1-18.5C810.2,18.1,775.7,67.3,734,67.3z\"\/>\n\t<path class=\"elementor-shape-fill\" d=\"M766.1,28.9c-200-57.5-266,65.5-395.1,19.5C242,1.8,242,5.4,184.8,20.6C128,35.8,132.3,44.9,89.9,52.5C28.6,63.7,0,0,0,0 h1000c0,0-9.9,40.9-83.6,48.1S829.6,47,766.1,28.9z\"\/>\n<\/svg>\t\t<\/div>\n\t\t\t\t\t<div class=\"elementor-container elementor-column-gap-default\">\n\t\t\t\t\t<div class=\"elementor-column elementor-col-100 elementor-top-column elementor-element elementor-element-b4c697b elementor-invisible\" data-id=\"b4c697b\" data-element_type=\"column\" data-e-type=\"column\" data-settings=\"{&quot;animation&quot;:&quot;fadeInLeft&quot;}\">\n\t\t\t<div class=\"elementor-widget-wrap elementor-element-populated\">\n\t\t\t\t\t\t<div class=\"elementor-element elementor-element-03a1e6d elementor-invisible elementor-widget elementor-widget-heading\" data-id=\"03a1e6d\" data-element_type=\"widget\" data-e-type=\"widget\" data-settings=\"{&quot;_animation&quot;:&quot;fadeInUp&quot;}\" data-widget_type=\"heading.default\">\n\t\t\t\t<div class=\"elementor-widget-container\">\n\t\t\t\t\t<h2 class=\"elementor-heading-title elementor-size-default\">DOMOS PARA EVENTOS<\/h2>\t\t\t\t<\/div>\n\t\t\t\t<\/div>\n\t\t\t\t\t<\/div>\n\t\t<\/div>\n\t\t\t\t\t<\/div>\n\t\t<\/section>\n\t\t\t\t<section class=\"elementor-section elementor-top-section elementor-element elementor-element-121627f elementor-section-boxed elementor-section-height-default elementor-section-height-default\" data-id=\"121627f\" data-element_type=\"section\" data-e-type=\"section\">\n\t\t\t\t\t\t<div class=\"elementor-container elementor-column-gap-default\">\n\t\t\t\t\t<div class=\"elementor-column elementor-col-100 elementor-top-column elementor-element elementor-element-8cc8eee\" data-id=\"8cc8eee\" data-element_type=\"column\" data-e-type=\"column\">\n\t\t\t<div class=\"elementor-widget-wrap elementor-element-populated\">\n\t\t\t\t\t\t<div class=\"elementor-element elementor-element-67414ff elementor-widget elementor-widget-text-editor\" data-id=\"67414ff\" data-element_type=\"widget\" data-e-type=\"widget\" data-widget_type=\"text-editor.default\">\n\t\t\t\t<div class=\"elementor-widget-container\">\n\t\t\t\t\t\t\t\t\t<p><span style=\"color: #212529; font-family: -apple-system, BlinkMacSystemFont, 'Segoe UI', Roboto, 'Helvetica Neue', Arial, 'Noto Sans', 'Liberation Sans', sans-serif, 'Apple Color Emoji', 'Segoe UI Emoji', 'Segoe UI Symbol', 'Noto Color Emoji'; text-align: left;\">Los&nbsp;<\/span><span style=\"font-weight: bolder; color: #212529; font-family: -apple-system, BlinkMacSystemFont, 'Segoe UI', Roboto, 'Helvetica Neue', Arial, 'Noto Sans', 'Liberation Sans', sans-serif, 'Apple Color Emoji', 'Segoe UI Emoji', 'Segoe UI Symbol', 'Noto Color Emoji'; text-align: left;\">domos para eventos<\/span><span style=\"color: #212529; font-family: -apple-system, BlinkMacSystemFont, 'Segoe UI', Roboto, 'Helvetica Neue', Arial, 'Noto Sans', 'Liberation Sans', sans-serif, 'Apple Color Emoji', 'Segoe UI Emoji', 'Segoe UI Symbol', 'Noto Color Emoji'; text-align: left;\">&nbsp;han sido una tendencia que ha tomado impulso en los \u00faltimos a\u00f1os, y son la nueva forma de disfrutar de un espacio sin restricciones. Estas estructuras innovadoras brindan un entorno cerrado y acogedor al aire libre, permitiendo la creaci\u00f3n de experiencias \u00fanicas. Estas instalaciones se pueden utilizar para todo tipo de eventos, desde celebraciones hasta reuniones corporativas. Adem\u00e1s, los domos tienen la flexibilidad para adaptarse con facilidad a cualquier tipo de entorno, ya sea un parque o una playa.&nbsp;<\/span><\/p>\n<h2 style=\"margin-top: 0px; margin-bottom: 0.5rem; font-family: 'Playfair Display', Georgia, 'Times New Roman', serif; color: #212529; text-align: center;\">Descarga nuestro cat\u00e1logo<\/h2>\t\t\t\t\t\t\t\t<\/div>\n\t\t\t\t<\/div>\n\t\t\t\t\t<\/div>\n\t\t<\/div>\n\t\t\t\t\t<\/div>\n\t\t<\/section>\n\t\t\t\t<section class=\"elementor-section elementor-top-section elementor-element elementor-element-8e438cd elementor-section-boxed elementor-section-height-default elementor-section-height-default\" data-id=\"8e438cd\" data-element_type=\"section\" data-e-type=\"section\">\n\t\t\t\t\t\t<div class=\"elementor-container elementor-column-gap-default\">\n\t\t\t\t\t<div class=\"elementor-column elementor-col-33 elementor-top-column elementor-element elementor-element-2d74fc4\" data-id=\"2d74fc4\" data-element_type=\"column\" data-e-type=\"column\">\n\t\t\t<div class=\"elementor-widget-wrap\">\n\t\t\t\t\t\t\t<\/div>\n\t\t<\/div>\n\t\t\t\t<div class=\"elementor-column elementor-col-33 elementor-top-column elementor-element elementor-element-ef62f89\" data-id=\"ef62f89\" data-element_type=\"column\" data-e-type=\"column\" data-settings=\"{&quot;background_background&quot;:&quot;classic&quot;}\">\n\t\t\t<div class=\"elementor-widget-wrap elementor-element-populated\">\n\t\t\t\t\t\t<div class=\"elementor-element elementor-element-17f921a elementor-button-align-center elementor-mobile-button-align-center elementor-widget elementor-widget-form\" data-id=\"17f921a\" data-element_type=\"widget\" data-e-type=\"widget\" data-settings=\"{&quot;step_next_label&quot;:&quot;Next&quot;,&quot;step_previous_label&quot;:&quot;Previous&quot;,&quot;_animation&quot;:&quot;none&quot;,&quot;button_width&quot;:&quot;100&quot;,&quot;step_type&quot;:&quot;number_text&quot;,&quot;step_icon_shape&quot;:&quot;circle&quot;}\" data-widget_type=\"form.default\">\n\t\t\t\t<div class=\"elementor-widget-container\">\n\t\t\t\t\t\t\t<form class=\"elementor-form\" method=\"post\" name=\"New Form\" aria-label=\"New Form\">\r\n\t\t\t<input type=\"hidden\" name=\"post_id\" value=\"1630\"\/>\r\n\t\t\t<input type=\"hidden\" name=\"form_id\" value=\"17f921a\"\/>\r\n\t\t\t<input type=\"hidden\" name=\"referer_title\" value=\"Domos para Eventos\" \/>\r\n\r\n\t\t\t\t\t\t\t<input type=\"hidden\" name=\"queried_id\" value=\"1630\"\/>\r\n\t\t\t\r\n\t\t\t<div class=\"elementor-form-fields-wrapper elementor-labels-above\">\r\n\t\t\t\t\t\t\t\t<div class=\"elementor-field-type-text elementor-field-group elementor-column elementor-field-group-name elementor-col-100 elementor-field-required\">\r\n\t\t\t\t\t\t\t\t\t\t\t\t\t<input size=\"1\" type=\"text\" name=\"form_fields[name]\" id=\"form-field-name\" class=\"elementor-field elementor-size-sm  elementor-field-textual\" placeholder=\"Nombre y Apellidos\" required=\"required\">\r\n\t\t\t\t\t\t\t\t\t\t\t<\/div>\r\n\t\t\t\t\t\t\t\t<div class=\"elementor-field-type-tel elementor-field-group elementor-column elementor-field-group-phonenumber elementor-col-100 elementor-field-required\">\r\n\t\t\t\t\t\t\t<input size=\"1\" type=\"tel\" name=\"form_fields[phonenumber]\" id=\"form-field-phonenumber\" class=\"elementor-field elementor-size-sm  elementor-field-textual\" placeholder=\"Numero de Telefono\" required=\"required\" pattern=\"[0-9()#&amp;+*-=.]+\" title=\"Sono accettati solo numeri e caratteri telefonici (#, -, *, ecc.).\">\r\n\r\n\t\t\t\t\t\t<\/div>\r\n\t\t\t\t\t\t\t\t<div class=\"elementor-field-type-email elementor-field-group elementor-column elementor-field-group-email elementor-col-100 elementor-field-required\">\r\n\t\t\t\t\t\t\t\t\t\t\t\t\t<input size=\"1\" type=\"email\" name=\"form_fields[email]\" id=\"form-field-email\" class=\"elementor-field elementor-size-sm  elementor-field-textual\" placeholder=\"Email\" required=\"required\">\r\n\t\t\t\t\t\t\t\t\t\t\t<\/div>\r\n\t\t\t\t\t\t\t\t<div class=\"elementor-field-group elementor-column elementor-field-type-submit elementor-col-100 e-form__buttons\">\r\n\t\t\t\t\t<button class=\"elementor-button elementor-size-md\" type=\"submit\">\r\n\t\t\t\t\t\t<span class=\"elementor-button-content-wrapper\">\r\n\t\t\t\t\t\t\t\t\t\t\t\t\t\t\t<span class=\"elementor-button-icon\">\r\n\t\t\t\t\t\t\t\t\t<i aria-hidden=\"true\" class=\"fas fa-cloud-download-alt\"><\/i>\t\t\t\t\t\t\t\t\t\t\t\t\t\t\t\t\t<\/span>\r\n\t\t\t\t\t\t\t\t\t\t\t\t\t\t\t\t\t\t\t\t\t\t<span class=\"elementor-button-text\">Descargar<\/span>\r\n\t\t\t\t\t\t\t\t\t\t\t\t\t<\/span>\r\n\t\t\t\t\t<\/button>\r\n\t\t\t\t<\/div>\r\n\t\t\t<\/div>\r\n\t\t<\/form>\r\n\t\t\t\t\t\t<\/div>\n\t\t\t\t<\/div>\n\t\t\t\t\t<\/div>\n\t\t<\/div>\n\t\t\t\t<div class=\"elementor-column elementor-col-33 elementor-top-column elementor-element elementor-element-dd26024\" data-id=\"dd26024\" data-element_type=\"column\" data-e-type=\"column\">\n\t\t\t<div class=\"elementor-widget-wrap\">\n\t\t\t\t\t\t\t<\/div>\n\t\t<\/div>\n\t\t\t\t\t<\/div>\n\t\t<\/section>\n\t\t\t\t<section class=\"elementor-section elementor-top-section elementor-element elementor-element-3b53cf0 elementor-section-boxed elementor-section-height-default elementor-section-height-default\" data-id=\"3b53cf0\" data-element_type=\"section\" data-e-type=\"section\">\n\t\t\t\t\t\t<div class=\"elementor-container elementor-column-gap-default\">\n\t\t\t\t\t<div class=\"elementor-column elementor-col-100 elementor-top-column elementor-element elementor-element-4db0ab9\" data-id=\"4db0ab9\" data-element_type=\"column\" data-e-type=\"column\">\n\t\t\t<div class=\"elementor-widget-wrap elementor-element-populated\">\n\t\t\t\t\t\t<div class=\"elementor-element elementor-element-c4c3896 elementor-widget elementor-widget-text-editor\" data-id=\"c4c3896\" data-element_type=\"widget\" data-e-type=\"widget\" data-widget_type=\"text-editor.default\">\n\t\t\t\t<div class=\"elementor-widget-container\">\n\t\t\t\t\t\t\t\t\t<h2><span style=\"color: #212529; font-family: -apple-system, BlinkMacSystemFont, Segoe UI, Roboto, Helvetica Neue, Arial, Noto Sans, Liberation Sans, sans-serif, Apple Color Emoji, Segoe UI Emoji, Segoe UI Symbol, Noto Color Emoji;\"><span style=\"font-size: 16px;\">\u00bfQu\u00e9 son los domos para eventos?<\/span><\/span><\/h2><p style=\"margin-top: 0px; margin-bottom: 0.5rem; font-family: 'Playfair Display', Georgia, 'Times New Roman', serif; color: #212529;\"><span style=\"font-family: -apple-system, BlinkMacSystemFont, 'Segoe UI', Roboto, 'Helvetica Neue', Arial, 'Noto Sans', 'Liberation Sans', sans-serif, 'Apple Color Emoji', 'Segoe UI Emoji', 'Segoe UI Symbol', 'Noto Color Emoji'; font-size: 1rem;\">Los domos para eventos son estructuras creadas con materiales ligeros como pl\u00e1stico, aluminio y PVC que proporcionan una amplia superficie abierta para cubrir un \u00e1rea en la que desees celebrar tu evento. Son muy vers\u00e1tiles y se pueden usar f\u00e1cilmente para fines tales como bodas, fiestas de cumplea\u00f1os, conciertos y otras reuniones o celebraciones. Los domos para eventos son una excelente manera de crear un espacio acogedor y seguro para tus invitados.<\/span><\/p><p><span style=\"color: #212529; font-family: -apple-system, BlinkMacSystemFont, 'Segoe UI', Roboto, 'Helvetica Neue', Arial, 'Noto Sans', 'Liberation Sans', sans-serif, 'Apple Color Emoji', 'Segoe UI Emoji', 'Segoe UI Symbol', 'Noto Color Emoji';\">Otra ventaja es que los domos para eventos se pueden construir en cuesti\u00f3n de horas y no requieren mantenimiento constante, lo que los hace m\u00e1s rentables que otros lugares al aire libre. El interior es totalmente personalizable para satisfacer las necesidades del organizador del evento; esto incluye mobiliario, equipamiento audiovisual e iluminaci\u00f3n. Los domos para eventos representan la nueva forma de vivir experiencias memorables en el exterior.<\/span><\/p><h2><span style=\"color: #212529; font-family: -apple-system, BlinkMacSystemFont, Segoe UI, Roboto, Helvetica Neue, Arial, Noto Sans, Liberation Sans, sans-serif, Apple Color Emoji, Segoe UI Emoji, Segoe UI Symbol, Noto Color Emoji;\">Ventajas de contar con un domo para eventos<\/span><\/h2><ul><li><span style=\"color: #212529; font-family: -apple-system, BlinkMacSystemFont, Segoe UI, Roboto, Helvetica Neue, Arial, Noto Sans, Liberation Sans, sans-serif, Apple Color Emoji, Segoe UI Emoji, Segoe UI Symbol, Noto Color Emoji;\">F\u00e1cil de instalar: Los domos para eventos son extremadamente f\u00e1ciles de montar, lo que te ahorrar\u00e1 tiempo y esfuerzo.<\/span><\/li><li><span style=\"color: #212529; font-family: -apple-system, BlinkMacSystemFont, Segoe UI, Roboto, Helvetica Neue, Arial, Noto Sans, Liberation Sans, sans-serif, Apple Color Emoji, Segoe UI Emoji, Segoe UI Symbol, Noto Color Emoji;\">Aislamiento t\u00e9rmico: Los domos mantienen el calor dentro del espacio cubierto por el domo, manteniendo el espacio m\u00e1s c\u00e1lido.<\/span><\/li><li><span style=\"color: #212529; font-family: -apple-system, BlinkMacSystemFont, Segoe UI, Roboto, Helvetica Neue, Arial, Noto Sans, Liberation Sans, sans-serif, Apple Color Emoji, Segoe UI Emoji, Segoe UI Symbol, Noto Color Emoji;\">Seguridad: Los domos est\u00e1n construidos para ser resistentes a las inclemencias del tiempo, lo que significa que tu evento est\u00e1 seguro incluso si el clima no es ideal.<\/span><\/li><li><span style=\"color: #212529; font-family: -apple-system, BlinkMacSystemFont, Segoe UI, Roboto, Helvetica Neue, Arial, Noto Sans, Liberation Sans, sans-serif, Apple Color Emoji, Segoe UI Emoji, Segoe UI Symbol, Noto Color Emoji;\">Econ\u00f3mico: Los domos para eventos son mucho m\u00e1s baratos que otros tipos de estructuras de alquiler.<\/span><\/li><\/ul><h3><span style=\"color: #212529; font-family: -apple-system, BlinkMacSystemFont, Segoe UI, Roboto, Helvetica Neue, Arial, Noto Sans, Liberation Sans, sans-serif, Apple Color Emoji, Segoe UI Emoji, Segoe UI Symbol, Noto Color Emoji;\">\u00bfCu\u00e1nto cuesta poner un domo?<\/span><\/h3><p><span style=\"color: #212529; font-family: -apple-system, BlinkMacSystemFont, Segoe UI, Roboto, Helvetica Neue, Arial, Noto Sans, Liberation Sans, sans-serif, Apple Color Emoji, Segoe UI Emoji, Segoe UI Symbol, Noto Color Emoji;\">El precio de poner un domo depende de muchos factores, como el tama\u00f1o, la ubicaci\u00f3n y los materiales. Los precios var\u00edan\u00a0 dependiendo del tama\u00f1o y los materiales utilizados.\u00a0<\/span><\/p>\t\t\t\t\t\t\t\t<\/div>\n\t\t\t\t<\/div>\n\t\t\t\t<div class=\"elementor-element elementor-element-b6f2fa7 elementor-widget elementor-widget-text-editor\" data-id=\"b6f2fa7\" data-element_type=\"widget\" data-e-type=\"widget\" data-widget_type=\"text-editor.default\">\n\t\t\t\t<div class=\"elementor-widget-container\">\n\t\t\t\t\t\t\t\t\t<h2>\u00bfQu\u00e9 son los domos para eventos?<\/h2><p>Los domos para eventos son estructuras creadas con materiales ligeros como pl\u00e1stico, aluminio y PVC que proporcionan una amplia superficie abierta para cubrir un \u00e1rea en la que desees celebrar tu evento. Son muy vers\u00e1tiles y se pueden usar f\u00e1cilmente para fines tales como bodas, fiestas de cumplea\u00f1os, conciertos y otras reuniones o celebraciones. Los domos para eventos son una excelente manera de crear un espacio acogedor y seguro para tus invitados.<\/p><p>Otra ventaja es que los domos para eventos se pueden construir en cuesti\u00f3n de horas y no requieren mantenimiento constante, lo que los hace m\u00e1s rentables que otros lugares al aire libre. El interior es totalmente personalizable para satisfacer las necesidades del organizador del evento; esto incluye mobiliario, equipamiento audiovisual e iluminaci\u00f3n. Los domos para eventos representan la nueva forma de vivir experiencias memorables en el exterior.<\/p><h2>Ventajas de contar con un domo para eventos<\/h2><p><br \/>F\u00e1cil de instalar: Los domos para eventos son extremadamente f\u00e1ciles de montar, lo que te ahorrar\u00e1 tiempo y esfuerzo.<br \/>Aislamiento t\u00e9rmico: Los domos mantienen el calor dentro del espacio cubierto por el domo, manteniendo el espacio m\u00e1s c\u00e1lido.<br \/>Seguridad: Los domos est\u00e1n construidos para ser resistentes a las inclemencias del tiempo, lo que significa que tu evento est\u00e1 seguro incluso si el clima no es ideal.<br \/>Econ\u00f3mico: Los domos para eventos son mucho m\u00e1s baratos que otros tipos de estructuras de alquiler.<\/p><h3><br \/>\u00bfCu\u00e1nto cuesta poner un domo?<\/h3><p>El precio de poner un domo depende de muchos factores, como el tama\u00f1o, la ubicaci\u00f3n y los materiales. Los precios var\u00edan\u00a0 dependiendo del tama\u00f1o y los materiales utilizados.\u00a0<\/p>\t\t\t\t\t\t\t\t<\/div>\n\t\t\t\t<\/div>\n\t\t\t\t<div class=\"elementor-element elementor-element-478f146 elementor-widget elementor-widget-text-editor\" data-id=\"478f146\" data-element_type=\"widget\" data-e-type=\"widget\" data-widget_type=\"text-editor.default\">\n\t\t\t\t<div class=\"elementor-widget-container\">\n\t\t\t\t\t\t\t\t\t<p><a href=\"\/contactar\/\">Contacta para mas informacion acerca de precios por eventos y dimensiones disponibles.<\/a><\/p>\t\t\t\t\t\t\t\t<\/div>\n\t\t\t\t<\/div>\n\t\t\t\t\t<\/div>\n\t\t<\/div>\n\t\t\t\t\t<\/div>\n\t\t<\/section>\n\t\t\t\t<\/div>\n\t\t","protected":false},"excerpt":{"rendered":"<p>DOMOS PARA EVENTOS Los&nbsp;domos para eventos&nbsp;han sido una tendencia que ha tomado impulso en los \u00faltimos a\u00f1os, y son la nueva forma de disfrutar de un espacio sin restricciones. Estas estructuras innovadoras brindan un entorno cerrado y acogedor al aire libre, permitiendo la creaci\u00f3n de experiencias \u00fanicas. Estas instalaciones se pueden utilizar para todo tipo [&hellip;]<\/p>\n","protected":false},"author":1,"featured_media":0,"parent":0,"menu_order":0,"comment_status":"closed","ping_status":"closed","template":"","meta":{"_acf_changed":false,"footnotes":""},"categories":[],"tags":[],"class_list":["post-1630","page","type-page","status-publish","hentry"],"acf":[],"_links":{"self":[{"href":"https:\/\/domodomos.com\/en\/wp-json\/wp\/v2\/pages\/1630","targetHints":{"allow":["GET"]}}],"collection":[{"href":"https:\/\/domodomos.com\/en\/wp-json\/wp\/v2\/pages"}],"about":[{"href":"https:\/\/domodomos.com\/en\/wp-json\/wp\/v2\/types\/page"}],"author":[{"embeddable":true,"href":"https:\/\/domodomos.com\/en\/wp-json\/wp\/v2\/users\/1"}],"replies":[{"embeddable":true,"href":"https:\/\/domodomos.com\/en\/wp-json\/wp\/v2\/comments?post=1630"}],"version-history":[{"count":26,"href":"https:\/\/domodomos.com\/en\/wp-json\/wp\/v2\/pages\/1630\/revisions"}],"predecessor-version":[{"id":1672,"href":"https:\/\/domodomos.com\/en\/wp-json\/wp\/v2\/pages\/1630\/revisions\/1672"}],"wp:attachment":[{"href":"https:\/\/domodomos.com\/en\/wp-json\/wp\/v2\/media?parent=1630"}],"wp:term":[{"taxonomy":"category","embeddable":true,"href":"https:\/\/domodomos.com\/en\/wp-json\/wp\/v2\/categories?post=1630"},{"taxonomy":"post_tag","embeddable":true,"href":"https:\/\/domodomos.com\/en\/wp-json\/wp\/v2\/tags?post=1630"}],"curies":[{"name":"wp","href":"https:\/\/api.w.org\/{rel}","templated":true}]}}