{"id":1445,"date":"2023-05-10T19:08:41","date_gmt":"2023-05-10T19:08:41","guid":{"rendered":"https:\/\/domodomos.com\/?page_id=1445"},"modified":"2023-05-10T19:08:43","modified_gmt":"2023-05-10T19:08:43","slug":"terminos-y-condiciones","status":"publish","type":"page","link":"https:\/\/domodomos.com\/es\/terminos-y-condiciones\/","title":{"rendered":"T\u00e9rminos y condiciones"},"content":{"rendered":"\n<p>\u00a1Bienvenido a Domo Domos!<\/p>\n\n\n\n<p>Estos t\u00e9rminos y condiciones describen las normas y reglamentos de uso del sitio Web de Domo Domo, ubicado en https:\/\/domodomos.com.<\/p>\n\n\n\n<p>Al acceder a este sitio web asumimos que acepta estos t\u00e9rminos y condiciones. No contin\u00fae utilizando Domo Domos si no est\u00e1 de acuerdo en aceptar todos los t\u00e9rminos y condiciones establecidos en esta p\u00e1gina.<\/p>\n\n\n\n<p>La siguiente terminolog\u00eda se aplica a estos T\u00e9rminos y Condiciones, Declaraci\u00f3n de Privacidad y Aviso de Exenci\u00f3n de Responsabilidad y a todos los Acuerdos: \u00abCliente\u00bb, \u00abUsted\u00bb y \u00abSu\u00bb se refiere a usted, la persona que se registra en esta p\u00c3\u00a1gina web y cumple con los terminos y condiciones de la Empresa. \u00abLa Compa\u00f1\u00eda\u00bb, \u00abNosotros\u00bb, \u00abNosotros\u00bb, \u00abNuestro\u00bb y \u00abNosotros\u00bb, se refiere a nuestra Compa\u00f1\u00eda. \u00abParte\u00bb, \u00abPartes\u00bb o \u00abNosotros\u00bb, se refiere tanto al Cliente como a nosotros mismos. Todos los t\u00e9rminos se refieren a la oferta, aceptaci\u00f3n y contraprestaci\u00f3n de pago necesaria para llevar a cabo el proceso de nuestra asistencia al Cliente de la manera m\u00e1s adecuada con el prop\u00f3sito expreso de satisfacer las necesidades del Cliente con respecto a la prestaci\u00f3n de los servicios indicados de la Empresa, de conformidad con y con sujeci\u00f3n a la legislaci\u00f3n vigente de los Pa\u00edses Bajos. Cualquier uso de la terminolog\u00eda anterior u otras palabras en singular, plural, may\u00fasculas y\/o \u00e9l\/ella o ellos, se consideran intercambiables y, por tanto, se refieren a lo mismo.<\/p>\n\n\n\n<p><strong>Cookies<\/strong><br>Utilizamos cookies. <\/p>\n\n\n\n<p>Al acceder a Domo Domos, usted acepta el uso de cookies de acuerdo con la Pol\u00edtica de Privacidad de Domo Domos.<\/p>\n\n\n\n<p>La mayor\u00eda de los sitios web interactivos utilizan cookies para permitirnos recuperar los datos del usuario en cada visita. Las cookies son utilizadas por nuestro sitio web para permitir la funcionalidad de ciertas \u00e1reas para que sea m\u00e1s f\u00e1cil para las personas que visitan nuestro sitio web. Algunos de nuestros socios afiliados\/publicitarios tambi\u00e9n pueden utilizar cookies.<\/p>\n\n\n\n<p><strong>Licencia<br><\/strong>A menos que se indique lo contrario, Domo Domo y\/o sus licenciantes poseen los derechos de propiedad intelectual de todo el material de Domo Domos. Todos los derechos de propiedad intelectual est\u00e1n reservados. Usted puede acceder a este material desde Domo Domos para su uso personal sujeto a las restricciones establecidas en estos t\u00e9rminos y condiciones.<\/p>\n\n\n\n<p><strong>Usted no debe:<\/strong><\/p>\n\n\n\n<ul class=\"wp-block-list\">\n<li>Volver a publicar material de Domo Domos<\/li>\n\n\n\n<li>Vender, alquilar o sublicenciar material de Domo Domos<\/li>\n\n\n\n<li>Reproducir, duplicar o copiar material de Domo Domos<\/li>\n\n\n\n<li>Redistribuir el contenido de Domo Domos<\/li>\n<\/ul>\n\n\n\n<p>Algunas partes de este sitio web ofrecen a los usuarios la oportunidad de publicar e intercambiar opiniones e informaci\u00f3n en determinadas \u00e1reas del sitio web. Domo Domo no filtra, edita, publica o revisa los Comentarios antes de su presencia en el sitio web. Los comentarios no reflejan los puntos de vista y opiniones de Domo Domo, sus agentes y\/o afiliados. Los Comentarios reflejan los puntos de vista y opiniones de la persona que publica sus puntos de vista y opiniones. En la medida permitida por las leyes aplicables, Domo Domo no ser\u00e1 responsable de los Comentarios ni de ninguna responsabilidad, da\u00c3\u00b1os o gastos causados y\/o sufridos como resultado de cualquier uso y\/o publicacion y\/o aparici\u00f3n de los Comentarios en este sitio web.<\/p>\n\n\n\n<p>Domo Domo se reserva el derecho a supervisar todos los Comentarios y a eliminar cualquier Comentario que pueda considerarse inapropiado, ofensivo o que suponga un incumplimiento de estos T\u00e9rminos y Condiciones.<\/p>\n\n\n\n<p><strong>Usted garantiza y declara que:<\/strong><\/p>\n\n\n\n<ul class=\"wp-block-list\">\n<li>Tienes derecho a publicar los Comentarios en nuestro sitio web y dispones de todas las licencias y consentimientos necesarios para hacerlo;<\/li>\n\n\n\n<li>Los Comentarios no invaden ning\u00fan derecho de propiedad intelectual, incluidos, entre otros, derechos de autor, patentes o marcas comerciales de terceros;<\/li>\n\n\n\n<li>Los Comentarios no contienen ning\u00fan material difamatorio, calumnioso, ofensivo, indecente o ilegal que suponga una invasi\u00f3n de la privacidad.<\/li>\n\n\n\n<li>Los Comentarios no se utilizar\u00e1n para solicitar o promocionar negocios o costumbres o presentar actividades comerciales o il\u00edcitas.<\/li>\n\n\n\n<li>Usted concede a Domo Domo una licencia no exclusiva para utilizar, reproducir, editar y autorizar a otros a utilizar, reproducir y editar cualquiera de sus Comentarios en todas y cada una de las formas, formatos o medios.<\/li>\n<\/ul>\n\n\n\n<p><strong>Hiperenlaces a nuestro contenido<br><\/strong>Las siguientes organizaciones pueden establecer enlaces a nuestro sitio web sin autorizaci\u00f3n previa por escrito:<\/p>\n\n\n\n<ul class=\"wp-block-list\">\n<li>Agencias gubernamentales;<\/li>\n\n\n\n<li>Motores de b\u00fasqueda;<\/li>\n\n\n\n<li>Organizaciones de noticias;<\/li>\n\n\n\n<li>Los distribuidores de directorios en l\u00ednea pueden enlazar con nuestro sitio Web de la misma forma que lo hacen con los sitios Web de otras empresas incluidas en la lista; y<\/li>\n\n\n\n<li>Empresas acreditadas en todo el sistema, excepto organizaciones sin \u00e1nimo de lucro, centros comerciales ben\u00e9ficos y grupos de recaudaci\u00f3n de fondos ben\u00e9ficos que no pueden establecer hiperv\u00ednculos con nuestro sitio Web.<\/li>\n\n\n\n<li>Estas organizaciones pueden enlazar con nuestra p\u00e1gina de inicio, con publicaciones o con otra informaci\u00f3n del sitio Web siempre que el enlace (a) no sea en modo alguno enga\u00f1oso; (b) no implique falsamente el patrocinio, respaldo o aprobaci\u00f3n de la parte enlazante y sus productos y\/o servicios; y (c) se ajuste al contexto del sitio de la parte enlazante.<\/li>\n<\/ul>\n\n\n\n<p>Podemos considerar y aprobar otras solicitudes de enlace de los siguientes tipos de organizaciones<\/p>\n\n\n\n<ul class=\"wp-block-list\">\n<li>fuentes de informaci\u00f3n de consumidores y\/o empresas com\u00fanmente conocidas<\/li>\n\n\n\n<li>sitios de comunidades punto.com<\/li>\n\n\n\n<li>asociaciones u otros grupos que representen a organizaciones ben\u00e9ficas<\/li>\n\n\n\n<li>distribuidores de directorios en l\u00ednea<\/li>\n\n\n\n<li>portales de Internet;<\/li>\n\n\n\n<li>empresas de contabilidad, derecho y consultor\u00eda; e<\/li>\n\n\n\n<li>instituciones educativas y asociaciones comerciales.<\/li>\n<\/ul>\n\n\n\n<p><\/p>\n\n\n\n<p>Aprobaremos las solicitudes de enlace de estas organizaciones si decidimos que (a) el enlace no nos har\u00e1 quedar mal con nosotros mismos o con nuestras empresas acreditadas; (b) la organizaci\u00f3n no tiene ning\u00fan historial negativo con nosotros; (c) el beneficio para nosotros de la visibilidad del hiperv\u00ednculo compensa la ausencia de Domo Domo; y (d) el enlace est\u00e1 en el contexto de informaci\u00f3n general de recursos.<\/p>\n\n\n\n<p>Estas organizaciones pueden enlazar con nuestra pagina de inicio siempre que el enlace (a) no sea en modo alguno enga\u00f1oso; (b) no implique falsamente el patrocinio, respaldo o aprobaci\u00f3n de la parte enlazante y sus productos o servicios; y (c) se ajuste al contexto del sitio de la parte enlazante.<\/p>\n\n\n\n<p>Si usted es una de las organizaciones enumeradas en el apartado 2 anterior y est\u00e1 interesado en establecer un enlace con nuestro sitio web, debe informarnos enviando un correo electr\u00f3nico a Domo Domo. Por favor, incluya su nombre, el nombre de su organizaci\u00f3n, informaci\u00f3n de contacto, as\u00ed como la URL de su sitio, una lista de las URL desde las que pretende enlazar a nuestro sitio Web, y una lista de las URL de nuestro sitio a las que le gustar\u00eda enlazar. Espere 2-3 semanas para recibir una respuesta.<\/p>\n\n\n\n<p>Las organizaciones aprobadas pueden hacer hiperv\u00ednculos a nuestro sitio web de las siguientes formas:<\/p>\n\n\n\n<ul class=\"wp-block-list\">\n<li>Mediante el uso de nuestro nombre corporativo; o <\/li>\n\n\n\n<li>Mediante el uso del localizador de recursos uniforme al que se est\u00e1 vinculando; o <\/li>\n\n\n\n<li>Mediante el uso de cualquier otra descripci\u00f3n de nuestro sitio web al que se est\u00e1 vinculando que tenga sentido dentro del contexto y formato del contenido en el sitio del partido que enlaza. <\/li>\n<\/ul>\n\n\n\n<p>No se permitir\u00e1 el uso del logotipo de Domo Domo u otra obra de arte para enlazar sin un acuerdo de licencia de marca registrada.<\/p>\n\n\n\n<p><strong>iFrames<\/strong><\/p>\n\n\n\n<p>Sin la aprobaci\u00f3n previa y el permiso por escrito, no puedes crear marcos alrededor de nuestras p\u00e1ginas web que alteren de alguna manera la presentaci\u00f3n visual o la apariencia de nuestro sitio web.<\/p>\n\n\n\n<p><strong>Responsabilidad del Contenido <\/strong><\/p>\n\n\n\n<p>No seremos responsables por ning\u00fan contenido que aparezca en tu sitio web. Aceptas protegernos y defendernos contra todas las reclamaciones que surjan en tu sitio web. Ning\u00fan enlace deber\u00eda aparecer en ning\u00fan sitio web que pueda ser interpretado como difamatorio, obsceno o criminal, o que infrinja, viole de otra manera, o abogue por la infracci\u00f3n u otra violaci\u00f3n de, cualquier derecho de terceros.<\/p>\n\n\n\n<p><strong>Tu Privacidad <\/strong><\/p>\n\n\n\n<p>Por favor, lee la Pol\u00edtica de Privacidad<\/p>\n\n\n\n<p><strong>Reserva de Derechos <\/strong><\/p>\n\n\n\n<p>Nos reservamos el derecho de solicitar que retires todos los enlaces o cualquier enlace particular a nuestro sitio web. Apruebas eliminar inmediatamente todos los enlaces a nuestro sitio web a petici\u00f3n. Tambi\u00e9n nos reservamos el derecho de modificar estos t\u00e9rminos y condiciones y su pol\u00edtica de enlaces en cualquier momento. Al enlazar continuamente a nuestro sitio web, aceptas cumplir y seguir estos t\u00e9rminos y condiciones de enlace.<\/p>\n\n\n\n<p><strong>Eliminaci\u00f3n de enlaces de nuestro sitio web<br><\/strong>Si encuentra alg\u00fan enlace en nuestro sitio web que le resulte ofensivo por cualquier motivo, puede ponerse en contacto con nosotros e informarnos en cualquier momento. Estudiaremos las solicitudes de eliminaci\u00f3n de enlaces, pero no estamos obligados a ello ni a responderle directamente.<\/p>\n\n\n\n<p>No aseguramos que la informaci\u00f3n de este sitio web sea correcta, no garantizamos que sea completa o exacta; tampoco prometemos que el sitio web siga estando disponible o que el material del sitio web se mantenga actualizado.<\/p>\n\n\n\n<p><strong>Descargo de responsabilidad<br><\/strong>En la medida m\u00e1xima permitida por la legislaci\u00f3n aplicable, excluimos todas las representaciones, garant\u00edas y condiciones relacionadas con nuestro sitio web y el uso de este sitio web. Nada de lo contenido en esta cl\u00e1usula de exenci\u00f3n de responsabilidad<\/p>\n\n\n\n<ul class=\"wp-block-list\">\n<li>limitar\u00e1 o excluir\u00e1 nuestra o su responsabilidad por muerte o lesiones personales;<\/li>\n\n\n\n<li>limitar\u00e1 o excluir\u00e1 nuestra responsabilidad por fraude o declaraci\u00f3n fraudulenta;<\/li>\n\n\n\n<li>limitar\u00e1 cualquiera de nuestras responsabilidades o las suyas de cualquier forma que no est\u00e9 permitida por la legislaci\u00f3n aplicable; o<\/li>\n\n\n\n<li>excluir cualquiera de nuestras responsabilidades o de las suyas que no puedan excluirse en virtud de la legislaci\u00f3n aplicable.<\/li>\n<\/ul>\n\n\n\n<p><\/p>\n\n\n\n<p>Las limitaciones y prohibiciones de responsabilidad establecidas en esta secci\u00f3n y en otras partes de esta cl\u00e1usula de exenci\u00f3n de responsabilidad: (a) est\u00e1n sujetas al p\u00e1rrafo anterior; y (b) rigen todas las responsabilidades derivadas de la cl\u00e1usula de exenci\u00f3n de responsabilidad, incluidas las responsabilidades contractuales, extracontractuales y por incumplimiento de obligaciones legales.<\/p>\n\n\n\n<p>Mientras el sitio web y la informaci\u00f3n y los servicios que contiene se ofrezcan de forma gratuita, no seremos responsables de ninguna p\u00e9rdida o da\u00f1o de cualquier naturaleza.<\/p>\n","protected":false},"excerpt":{"rendered":"<p>\u00a1Bienvenido a Domo Domos! Estos t\u00e9rminos y condiciones describen las normas y reglamentos de uso del sitio Web de Domo Domo, ubicado en https:\/\/domodomos.com. Al acceder a este sitio web asumimos que acepta estos t\u00e9rminos y condiciones. No contin\u00fae utilizando Domo Domos si no est\u00e1 de acuerdo en aceptar todos los t\u00e9rminos y condiciones establecidos [&hellip;]<\/p>\n","protected":false},"author":1,"featured_media":0,"parent":0,"menu_order":0,"comment_status":"closed","ping_status":"closed","template":"","meta":{"_acf_changed":false,"footnotes":""},"categories":[],"tags":[],"class_list":["post-1445","page","type-page","status-publish","hentry"],"acf":[],"_links":{"self":[{"href":"https:\/\/domodomos.com\/es\/wp-json\/wp\/v2\/pages\/1445","targetHints":{"allow":["GET"]}}],"collection":[{"href":"https:\/\/domodomos.com\/es\/wp-json\/wp\/v2\/pages"}],"about":[{"href":"https:\/\/domodomos.com\/es\/wp-json\/wp\/v2\/types\/page"}],"author":[{"embeddable":true,"href":"https:\/\/domodomos.com\/es\/wp-json\/wp\/v2\/users\/1"}],"replies":[{"embeddable":true,"href":"https:\/\/domodomos.com\/es\/wp-json\/wp\/v2\/comments?post=1445"}],"version-history":[{"count":1,"href":"https:\/\/domodomos.com\/es\/wp-json\/wp\/v2\/pages\/1445\/revisions"}],"predecessor-version":[{"id":1447,"href":"https:\/\/domodomos.com\/es\/wp-json\/wp\/v2\/pages\/1445\/revisions\/1447"}],"wp:attachment":[{"href":"https:\/\/domodomos.com\/es\/wp-json\/wp\/v2\/media?parent=1445"}],"wp:term":[{"taxonomy":"category","embeddable":true,"href":"https:\/\/domodomos.com\/es\/wp-json\/wp\/v2\/categories?post=1445"},{"taxonomy":"post_tag","embeddable":true,"href":"https:\/\/domodomos.com\/es\/wp-json\/wp\/v2\/tags?post=1445"}],"curies":[{"name":"wp","href":"https:\/\/api.w.org\/{rel}","templated":true}]}}