{"id":1441,"date":"2023-05-10T18:41:56","date_gmt":"2023-05-10T18:41:56","guid":{"rendered":"https:\/\/domodomos.com\/?page_id=1441"},"modified":"2023-05-10T18:42:00","modified_gmt":"2023-05-10T18:42:00","slug":"politica-de-privacidad","status":"publish","type":"page","link":"https:\/\/domodomos.com\/fr\/politica-de-privacidad\/","title":{"rendered":"Politique de confidentialit\u00e9"},"content":{"rendered":"<p>Le site https:\/\/domodomoscom est la propri\u00e9t\u00e9 de DomoDomo, qui est un responsable du traitement de vos donn\u00e9es personnelles.<\/p>\n\n\n\n<p>Nous avons adopt\u00e9 la pr\u00e9sente politique de confidentialit\u00e9, qui d\u00e9finit la mani\u00e8re dont nous traitons les informations collect\u00e9es par https:\/\/domodomoscom, et qui explique \u00e9galement les raisons pour lesquelles nous collectons certaines donn\u00e9es \u00e0 caract\u00e8re personnel vous concernant. Vous devez donc lire cette politique de confidentialit\u00e9 avant d'utiliser le site web https:\/\/domodomoscom.<\/p>\n\n\n\n<p>Nous prenons soin de vos donn\u00e9es personnelles et nous nous engageons \u00e0 en assurer la confidentialit\u00e9 et la s\u00e9curit\u00e9.<\/p>\n\n\n\n<h4 class=\"wp-block-heading\">Les informations personnelles que nous recueillons :<\/h4>\n\n\n\n<p>Lorsque vous visitez le site https:\/\/domodomoscom, nous recueillons automatiquement certaines informations sur votre appareil, notamment sur votre navigateur web, votre adresse IP, votre fuseau horaire et certains des cookies install\u00e9s sur votre appareil. En outre, lorsque vous naviguez, nous recueillons des informations sur les pages web ou les produits que vous consultez, sur les sites web ou les termes de recherche qui vous ont renvoy\u00e9 sur le site et sur la mani\u00e8re dont vous interagissez. Ces informations collect\u00e9es automatiquement sont appel\u00e9es \"informations sur l'appareil\". En outre, nous pouvons recueillir des informations personnelles que vous nous fournissez (y compris, mais sans s'y limiter, le pr\u00e9nom, le nom de famille, l'adresse, les informations de paiement, etc.<\/p>\n\n\n\n<h4 class=\"wp-block-heading\">Pourquoi traitons-nous vos donn\u00e9es ?<\/h4>\n\n\n\n<p>Notre priorit\u00e9 absolue est la s\u00e9curit\u00e9 des donn\u00e9es des clients et, \u00e0 ce titre, nous ne pouvons traiter que des donn\u00e9es minimales sur les utilisateurs, dans la mesure o\u00f9 cela est absolument n\u00e9cessaire pour maintenir le site web. Les informations collect\u00e9es automatiquement ne sont utilis\u00e9es que pour identifier des cas potentiels d'abus et pour \u00e9tablir des statistiques sur l'utilisation du site web. Ces informations statistiques ne sont pas agr\u00e9g\u00e9es de mani\u00e8re \u00e0 identifier un utilisateur particulier du syst\u00e8me.<\/p>\n\n\n\n<p>Vous pouvez visiter le site web sans nous dire qui vous \u00eates ni r\u00e9v\u00e9ler d'informations permettant de vous identifier en tant que personne sp\u00e9cifique. Toutefois, si vous souhaitez utiliser certaines fonctionnalit\u00e9s du site web, recevoir notre lettre d'information ou fournir d'autres d\u00e9tails en remplissant un formulaire, vous pouvez nous fournir des informations personnelles, telles que votre adresse \u00e9lectronique, votre pr\u00e9nom, votre nom, votre ville de r\u00e9sidence, votre organisation et votre num\u00e9ro de t\u00e9l\u00e9phone. Vous pouvez choisir de ne pas fournir vos donn\u00e9es personnelles, mais il se peut que vous ne puissiez pas profiter de certaines fonctionnalit\u00e9s du site web. Par exemple, vous ne pourrez pas recevoir notre lettre d'information ou nous contacter directement \u00e0 partir du site web. Les utilisateurs qui ne sont pas s\u00fbrs des informations requises peuvent nous contacter \u00e0 l'adresse suivante : info@domodomos.com.<\/p>\n\n\n\n<h4 class=\"wp-block-heading\">Vos droits :<\/h4>\n\n\n\n<p>Si vous \u00eates un r\u00e9sident europ\u00e9en, vous disposez des droits suivants en ce qui concerne vos donn\u00e9es personnelles :<\/p>\n\n\n\n<ul class=\"wp-block-list\">\n<li>Le droit d'\u00eatre inform\u00e9.<\/li>\n\n\n\n<li>Le droit d'acc\u00e8s.<\/li>\n\n\n\n<li>Le droit de rectification.<\/li>\n\n\n\n<li>Le droit \u00e0 l'effacement.<\/li>\n\n\n\n<li>Le droit de limiter les poursuites.<\/li>\n\n\n\n<li>Le droit \u00e0 la portabilit\u00e9 des donn\u00e9es.<\/li>\n\n\n\n<li>Le droit d'opposition.<\/li>\n\n\n\n<li>Droits relatifs \u00e0 la prise de d\u00e9cision automatis\u00e9e et au profilage.<\/li>\n<\/ul>\n\n\n\n<p>Si vous souhaitez exercer ce droit, veuillez nous contacter en utilisant les coordonn\u00e9es ci-dessous.<\/p>\n\n\n\n<p>En outre, si vous \u00eates un r\u00e9sident europ\u00e9en, nous notons que nous traitons vos informations pour ex\u00e9cuter tout contrat que nous pourrions avoir avec vous (par exemple, si vous passez une commande par l'interm\u00e9diaire du site web), ou autrement pour poursuivre nos int\u00e9r\u00eats commerciaux l\u00e9gitimes \u00e9num\u00e9r\u00e9s ci-dessus. En outre, veuillez noter que vos informations peuvent \u00eatre transf\u00e9r\u00e9es en dehors de l'Europe, y compris au Canada et aux \u00c9tats-Unis.<\/p>\n\n\n\n<h4 class=\"wp-block-heading\">Liens vers d'autres sites web :<\/h4>\n\n\n\n<p>Notre site web peut contenir des liens vers d'autres sites web qui ne nous appartiennent pas et ne sont pas contr\u00f4l\u00e9s par nous. Sachez que nous ne sommes pas responsables des pratiques en mati\u00e8re de protection de la vie priv\u00e9e de ces autres sites web. Nous vous encourageons \u00e0 \u00eatre vigilant lorsque vous quittez notre site et \u00e0 lire les d\u00e9clarations de confidentialit\u00e9 de chaque site web susceptible de collecter des informations personnelles.<\/p>\n\n\n\n<h4 class=\"wp-block-heading\">S\u00e9curit\u00e9 de l'information :<\/h4>\n\n\n\n<p>Nous conservons les informations que vous fournissez sur des serveurs informatiques dans un environnement contr\u00f4l\u00e9 et s\u00e9curis\u00e9, \u00e0 l'abri d'un acc\u00e8s, d'une utilisation ou d'une divulgation non autoris\u00e9s. Nous maintenons des mesures de protection administratives, techniques et physiques raisonnables pour emp\u00eacher l'acc\u00e8s, l'utilisation, l'alt\u00e9ration et la divulgation non autoris\u00e9s des donn\u00e9es \u00e0 caract\u00e8re personnel sous votre contr\u00f4le et votre garde. Toutefois, la transmission de donn\u00e9es sur Internet ou sur des r\u00e9seaux sans fil ne peut \u00eatre garantie.<\/p>\n\n\n\n<h4 class=\"wp-block-heading\">Information juridique :<\/h4>\n\n\n\n<p>Nous divulguerons toute information que nous recueillons, utilisons ou recevons si la loi l'exige ou l'autorise, par exemple pour nous conformer \u00e0 une citation \u00e0 compara\u00eetre ou \u00e0 une proc\u00e9dure judiciaire similaire, et lorsque nous estimons de bonne foi que la divulgation est n\u00e9cessaire pour prot\u00e9ger nos droits, votre s\u00e9curit\u00e9 ou celle d'autrui, enqu\u00eater sur des fraudes ou r\u00e9pondre \u00e0 une demande du gouvernement.<\/p>\n\n\n\n<h4 class=\"wp-block-heading\">Informations de contact :<\/h4>\n\n\n\n<p>Si vous souhaitez nous contacter pour en savoir plus sur la pr\u00e9sente politique ou si vous souhaitez communiquer avec nous sur des questions relatives aux droits individuels et \u00e0 vos informations personnelles, vous pouvez nous envoyer un courrier \u00e9lectronique \u00e0 l'adresse suivante : info@domodomos.com.<\/p>","protected":false},"excerpt":{"rendered":"<p>El sitio web https:\/\/domodomoscom es propiedad de DomoDomo, que es un controlador de datos de tus datos personales. Hemos adoptado esta Pol\u00edtica de privacidad, que determina c\u00f3mo procesamos la informaci\u00f3n recopilada por https:\/\/domodomoscom, que tambi\u00e9n proporciona las razones por las que debemos recopilar ciertos datos personales sobre ti. Por lo tanto, debes leer esta Pol\u00edtica [&hellip;]<\/p>\n","protected":false},"author":1,"featured_media":0,"parent":0,"menu_order":0,"comment_status":"closed","ping_status":"closed","template":"","meta":{"_acf_changed":false,"footnotes":""},"categories":[],"tags":[],"class_list":["post-1441","page","type-page","status-publish","hentry"],"acf":[],"_links":{"self":[{"href":"https:\/\/domodomos.com\/fr\/wp-json\/wp\/v2\/pages\/1441","targetHints":{"allow":["GET"]}}],"collection":[{"href":"https:\/\/domodomos.com\/fr\/wp-json\/wp\/v2\/pages"}],"about":[{"href":"https:\/\/domodomos.com\/fr\/wp-json\/wp\/v2\/types\/page"}],"author":[{"embeddable":true,"href":"https:\/\/domodomos.com\/fr\/wp-json\/wp\/v2\/users\/1"}],"replies":[{"embeddable":true,"href":"https:\/\/domodomos.com\/fr\/wp-json\/wp\/v2\/comments?post=1441"}],"version-history":[{"count":1,"href":"https:\/\/domodomos.com\/fr\/wp-json\/wp\/v2\/pages\/1441\/revisions"}],"predecessor-version":[{"id":1443,"href":"https:\/\/domodomos.com\/fr\/wp-json\/wp\/v2\/pages\/1441\/revisions\/1443"}],"wp:attachment":[{"href":"https:\/\/domodomos.com\/fr\/wp-json\/wp\/v2\/media?parent=1441"}],"wp:term":[{"taxonomy":"category","embeddable":true,"href":"https:\/\/domodomos.com\/fr\/wp-json\/wp\/v2\/categories?post=1441"},{"taxonomy":"post_tag","embeddable":true,"href":"https:\/\/domodomos.com\/fr\/wp-json\/wp\/v2\/tags?post=1441"}],"curies":[{"name":"wp","href":"https:\/\/api.w.org\/{rel}","templated":true}]}}