{"id":1445,"date":"2023-05-10T19:08:41","date_gmt":"2023-05-10T19:08:41","guid":{"rendered":"https:\/\/domodomos.com\/?page_id=1445"},"modified":"2023-05-10T19:08:43","modified_gmt":"2023-05-10T19:08:43","slug":"terminos-y-condiciones","status":"publish","type":"page","link":"https:\/\/domodomos.com\/fr\/terminos-y-condiciones\/","title":{"rendered":"Conditions g\u00e9n\u00e9rales d'utilisation"},"content":{"rendered":"<p>Bienvenue \u00e0 Domo Domos !<\/p>\n\n\n\n<p>Les pr\u00e9sentes conditions g\u00e9n\u00e9rales d\u00e9crivent les r\u00e8gles d'utilisation du site Domo Domo, situ\u00e9 \u00e0 l'adresse https:\/\/domodomos.com.<\/p>\n\n\n\n<p>En acc\u00e9dant \u00e0 ce site web, nous supposons que vous acceptez ces termes et conditions. Ne continuez pas \u00e0 utiliser Domo Domos si vous n'acceptez pas tous les termes et conditions \u00e9nonc\u00e9s sur cette page.<\/p>\n\n\n\n<p>La terminologie suivante s'applique aux pr\u00e9sentes conditions g\u00e9n\u00e9rales, \u00e0 la d\u00e9claration de confidentialit\u00e9, \u00e0 l'avis de non-responsabilit\u00e9 et \u00e0 tous les accords : \"Client\", \"Vous\" et \"Votre\" se r\u00e9f\u00e8rent \u00e0 vous, la personne qui s'inscrit sur ce site web et qui se conforme aux conditions g\u00e9n\u00e9rales de l'Entreprise. Les termes \"La Soci\u00e9t\u00e9\", \"Nous\", \"Notre\", \"Nos\" et \"Nos\" d\u00e9signent notre Soci\u00e9t\u00e9. Les termes \"Partie\", \"Parties\" ou \"Nous\" d\u00e9signent \u00e0 la fois le client et nous-m\u00eames. Tous les termes se r\u00e9f\u00e8rent \u00e0 l'offre, \u00e0 l'acceptation et \u00e0 la contrepartie du paiement n\u00e9cessaire pour mener \u00e0 bien le processus de notre assistance au Client de la mani\u00e8re la plus appropri\u00e9e dans le but expr\u00e8s de r\u00e9pondre aux besoins du Client en ce qui concerne la fourniture des services d\u00e9clar\u00e9s de la Soci\u00e9t\u00e9, conform\u00e9ment \u00e0 la loi applicable aux Pays-Bas et sous r\u00e9serve de celle-ci. Toute utilisation de la terminologie ci-dessus ou d'autres mots au singulier, au pluriel, en majuscules et\/ou il\/elle ou ils\/elles, sont consid\u00e9r\u00e9s comme interchangeables et se r\u00e9f\u00e8rent donc \u00e0 la m\u00eame chose.<\/p>\n\n\n\n<p><strong>Cookies<\/strong><br>Nous utilisons des cookies. <\/p>\n\n\n\n<p>En acc\u00e9dant \u00e0 Domo Domos, vous acceptez l'utilisation de cookies conform\u00e9ment \u00e0 la politique de confidentialit\u00e9 de Domo Domos.<\/p>\n\n\n\n<p>La plupart des sites web interactifs utilisent des cookies pour nous permettre de r\u00e9cup\u00e9rer les donn\u00e9es des utilisateurs \u00e0 chaque visite. Les cookies sont utilis\u00e9s par notre site web pour permettre des fonctionnalit\u00e9s dans certaines zones afin de faciliter la t\u00e2che des personnes qui visitent notre site web. Certains de nos partenaires affili\u00e9s\/publicitaires peuvent \u00e9galement utiliser des cookies.<\/p>\n\n\n\n<p><strong>Licence<br><\/strong>Sauf indication contraire, Domo Domo et\/ou ses conc\u00e9dants de licence d\u00e9tiennent les droits de propri\u00e9t\u00e9 intellectuelle sur l'ensemble du contenu de Domo Domos. Tous les droits de propri\u00e9t\u00e9 intellectuelle sont r\u00e9serv\u00e9s. Vous pouvez acc\u00e9der \u00e0 ce mat\u00e9riel \u00e0 partir de Domo Domos pour votre usage personnel, sous r\u00e9serve des restrictions \u00e9nonc\u00e9es dans les pr\u00e9sentes conditions g\u00e9n\u00e9rales.<\/p>\n\n\n\n<p><strong>Vous ne devez pas :<\/strong><\/p>\n\n\n\n<ul class=\"wp-block-list\">\n<li>Republier le mat\u00e9riel de Domo Domos<\/li>\n\n\n\n<li>Vente, location ou sous-licence de mat\u00e9riel Domo Domos<\/li>\n\n\n\n<li>Reproduire, dupliquer ou copier le mat\u00e9riel de Domo Domos<\/li>\n\n\n\n<li>Redistribution du contenu de Domo Domos<\/li>\n<\/ul>\n\n\n\n<p>Certaines parties de ce site web offrent aux utilisateurs la possibilit\u00e9 de publier et d'\u00e9changer des opinions et des informations dans certaines zones du site. Domo Domo ne filtre pas, n'\u00e9dite pas, ne publie pas et ne v\u00e9rifie pas les commentaires avant qu'ils ne soient publi\u00e9s sur le site. Les Commentaires ne refl\u00e8tent pas les vues et opinions de Domo Domo, de ses agents et\/ou de ses filiales. Les commentaires refl\u00e8tent les points de vue et les opinions de la personne qui les publie. Dans la mesure o\u00f9 le droit applicable le permet, Domo Domo ne peut \u00eatre tenu responsable des Commentaires ou de toute responsabilit\u00e9, dommage ou d\u00e9pense caus\u00e9s et\/ou subis \u00e0 la suite de l'utilisation et\/ou de la publication et\/ou de l'apparition des Commentaires sur ce site web.<\/p>\n\n\n\n<p>Domo Domo se r\u00e9serve le droit de contr\u00f4ler tous les Commentaires et de supprimer tout Commentaire jug\u00e9 inappropri\u00e9, offensant ou contraire aux pr\u00e9sentes Conditions G\u00e9n\u00e9rales.<\/p>\n\n\n\n<p><strong>Vous garantissez et d\u00e9clarez que<\/strong><\/p>\n\n\n\n<ul class=\"wp-block-list\">\n<li>Vous avez le droit de publier les commentaires sur notre site web et vous disposez de toutes les licences et autorisations n\u00e9cessaires pour le faire ;<\/li>\n\n\n\n<li>Les commentaires n'empi\u00e8tent pas sur les droits de propri\u00e9t\u00e9 intellectuelle, y compris, mais sans s'y limiter, les droits d'auteur, les brevets ou les marques commerciales de tiers ;<\/li>\n\n\n\n<li>Les commentaires ne contiennent aucun \u00e9l\u00e9ment diffamatoire, injurieux, offensant, ind\u00e9cent ou ill\u00e9gal qui constituerait une atteinte \u00e0 la vie priv\u00e9e.<\/li>\n\n\n\n<li>Les commentaires ne doivent pas \u00eatre utilis\u00e9s pour solliciter ou promouvoir des affaires ou des coutumes, ni pour d\u00e9peindre des activit\u00e9s commerciales ou ill\u00e9gales.<\/li>\n\n\n\n<li>Vous accordez \u00e0 Domo Domo une licence non exclusive pour utiliser, reproduire, \u00e9diter et autoriser d'autres personnes \u00e0 utiliser, reproduire et \u00e9diter vos Commentaires sous quelque forme, format ou m\u00e9dia que ce soit.<\/li>\n<\/ul>\n\n\n\n<p><strong>Hyperliens vers notre contenu<br><\/strong>Les organisations suivantes peuvent \u00e9tablir un lien avec notre site web sans autorisation \u00e9crite pr\u00e9alable :<\/p>\n\n\n\n<ul class=\"wp-block-list\">\n<li>Agences gouvernementales ;<\/li>\n\n\n\n<li>Moteurs de recherche ;<\/li>\n\n\n\n<li>Organismes de presse ;<\/li>\n\n\n\n<li>Les distributeurs d'annuaires en ligne peuvent \u00e9tablir des liens avec notre site web de la m\u00eame mani\u00e8re qu'ils \u00e9tablissent des liens avec les sites web d'autres soci\u00e9t\u00e9s cot\u00e9es en bourse ; et<\/li>\n\n\n\n<li>Les entreprises accr\u00e9dit\u00e9es dans l'ensemble du syst\u00e8me, \u00e0 l'exception des organisations \u00e0 but non lucratif, des centres commerciaux caritatifs et des groupes de collecte de fonds caritatifs qui ne sont pas autoris\u00e9s \u00e0 cr\u00e9er des liens hypertextes vers notre site web.<\/li>\n\n\n\n<li>Ces organisations peuvent \u00e9tablir un lien avec notre page d'accueil, nos publications ou d'autres informations sur le site web, \u00e0 condition que le lien (a) ne soit en aucune fa\u00e7on trompeur ; (b) n'implique pas faussement le parrainage, l'approbation ou le soutien de la partie qui \u00e9tablit le lien et de ses produits et\/ou services ; et (c) s'inscrive dans le contexte du site de la partie qui \u00e9tablit le lien.<\/li>\n<\/ul>\n\n\n\n<p>Nous pouvons examiner et approuver d'autres demandes de liaison \u00e9manant des types d'organisations suivants<\/p>\n\n\n\n<ul class=\"wp-block-list\">\n<li>les sources connues d'informations sur les consommateurs et\/ou les entreprises<\/li>\n\n\n\n<li>Sites communautaires dot.com<\/li>\n\n\n\n<li>les associations ou autres groupes repr\u00e9sentant des organisations caritatives<\/li>\n\n\n\n<li>les distributeurs d'annuaires en ligne<\/li>\n\n\n\n<li>Portails Internet ;<\/li>\n\n\n\n<li>les cabinets d'experts-comptables, d'avocats et de consultants ; et<\/li>\n\n\n\n<li>les \u00e9tablissements d'enseignement et les associations professionnelles.<\/li>\n<\/ul>\n\n\n\n<p><\/p>\n\n\n\n<p>Nous approuverons les demandes de liens \u00e9manant de ces organisations si nous d\u00e9cidons que (a) le lien ne nous donnera pas une mauvaise image, \u00e0 nous ou \u00e0 nos entreprises accr\u00e9dit\u00e9es ; (b) l'organisation n'a pas d'ant\u00e9c\u00e9dents n\u00e9gatifs avec nous ; (c) l'avantage que nous tirons de la visibilit\u00e9 du lien hypertexte l'emporte sur l'absence de Domo Domo ; et (d) le lien s'inscrit dans le contexte d'une information g\u00e9n\u00e9rale sur les ressources.<\/p>\n\n\n\n<p>Ces organisations peuvent \u00e9tablir un lien avec notre page d'accueil \u00e0 condition que le lien (a) ne soit en aucun cas trompeur ; (b) n'implique pas faussement le parrainage, l'approbation ou le soutien de la partie qui \u00e9tablit le lien et de ses produits ou services ; et (c) s'inscrive dans le contexte du site de la partie qui \u00e9tablit le lien.<\/p>\n\n\n\n<p>Si vous \u00eates l'une des organisations \u00e9num\u00e9r\u00e9es au paragraphe 2 ci-dessus et que vous souhaitez cr\u00e9er un lien vers notre site web, vous devez nous en informer en envoyant un courrier \u00e9lectronique \u00e0 Domo Domo. Veuillez indiquer votre nom, le nom de votre organisation, vos coordonn\u00e9es, ainsi que l'URL de votre site, une liste des URL \u00e0 partir desquels vous avez l'intention de cr\u00e9er un lien vers notre site web, et une liste des URL de notre site vers lesquels vous aimeriez cr\u00e9er un lien. Veuillez pr\u00e9voir un d\u00e9lai de 2 \u00e0 3 semaines pour une r\u00e9ponse.<\/p>\n\n\n\n<p>Les organisations agr\u00e9\u00e9es peuvent cr\u00e9er des liens hypertextes vers notre site web de la mani\u00e8re suivante :<\/p>\n\n\n\n<ul class=\"wp-block-list\">\n<li>par l'utilisation de notre raison sociale ; ou <\/li>\n\n\n\n<li>en utilisant le localisateur de ressources uniformes auquel il est li\u00e9 ; ou <\/li>\n\n\n\n<li>en utilisant toute autre description de notre site web vers lequel vous \u00e9tablissez un lien et qui a du sens dans le contexte et le format du contenu du site de la partie qui \u00e9tablit le lien. <\/li>\n<\/ul>\n\n\n\n<p>Aucune utilisation du logo Domo Domo ou d'autres illustrations ne sera autoris\u00e9e pour l'\u00e9tablissement de liens sans un accord de licence de marque.<\/p>\n\n\n\n<p><strong>iFrames<\/strong><\/p>\n\n\n\n<p>Sans accord pr\u00e9alable et autorisation \u00e9crite, vous ne pouvez pas cr\u00e9er de cadres autour de nos pages web qui modifient de quelque mani\u00e8re que ce soit la pr\u00e9sentation visuelle ou l'apparence de notre site web.<\/p>\n\n\n\n<p><strong>Responsabilit\u00e9 du contenu <\/strong><\/p>\n\n\n\n<p>Nous ne serons pas responsables du contenu de votre site web. Vous acceptez de nous prot\u00e9ger et de nous d\u00e9fendre contre toute r\u00e9clamation d\u00e9coulant de votre site web. Aucun lien ne doit appara\u00eetre sur un site web qui pourrait \u00eatre interpr\u00e9t\u00e9 comme diffamatoire, obsc\u00e8ne ou criminel, ou qui enfreint, viole d'une autre mani\u00e8re ou pr\u00e9conise l'enfreinte ou la violation d'une autre mani\u00e8re des droits d'un tiers.<\/p>\n\n\n\n<p><strong>Votre vie priv\u00e9e <\/strong><\/p>\n\n\n\n<p>Veuillez lire la politique de confidentialit\u00e9<\/p>\n\n\n\n<p><strong>R\u00e9serve de droits <\/strong><\/p>\n\n\n\n<p>Nous nous r\u00e9servons le droit de vous demander de supprimer tous les liens ou un lien particulier vers notre site web. Vous acceptez de supprimer imm\u00e9diatement tous les liens vers notre site web sur demande. Nous nous r\u00e9servons \u00e9galement le droit de modifier \u00e0 tout moment les pr\u00e9sentes conditions et votre politique en mati\u00e8re de liens. En continuant \u00e0 \u00e9tablir des liens vers notre site web, vous acceptez de vous conformer aux pr\u00e9sentes conditions g\u00e9n\u00e9rales.<\/p>\n\n\n\n<p><strong>Suppression de liens sur notre site web<br><\/strong>Si vous trouvez sur notre site un lien que vous jugez offensant pour quelque raison que ce soit, vous pouvez nous contacter et nous en faire part \u00e0 tout moment. Nous examinerons les demandes de suppression de liens, mais nous ne sommes pas oblig\u00e9s de le faire ou de vous r\u00e9pondre directement.<\/p>\n\n\n\n<p>Nous ne d\u00e9clarons pas que les informations contenues dans ce site web sont correctes, ni ne garantissons qu'elles sont compl\u00e8tes ou exactes ; nous ne promettons pas non plus que le site web continuera \u00e0 \u00eatre disponible ou que le mat\u00e9riel contenu dans le site web sera tenu \u00e0 jour.<\/p>\n\n\n\n<p><strong>Clause de non-responsabilit\u00e9<br><\/strong>Dans toute la mesure permise par la loi applicable, nous excluons toutes les repr\u00e9sentations, garanties et conditions relatives \u00e0 notre site web et \u00e0 l'utilisation que vous en faites. Aucune disposition de la pr\u00e9sente clause de non-responsabilit\u00e9 ne doit \u00eatre interpr\u00e9t\u00e9e comme une clause de non-responsabilit\u00e9.<\/p>\n\n\n\n<ul class=\"wp-block-list\">\n<li>limiter ou exclure notre ou votre responsabilit\u00e9 en cas de d\u00e9c\u00e8s ou de dommages corporels ;<\/li>\n\n\n\n<li>limiter ou exclure notre responsabilit\u00e9 en cas de fraude ou de d\u00e9claration frauduleuse ;<\/li>\n\n\n\n<li>limiter l'une quelconque de nos ou de vos responsabilit\u00e9s d'une mani\u00e8re qui ne serait pas autoris\u00e9e par la loi applicable ; ou<\/li>\n\n\n\n<li>exclure toute responsabilit\u00e9 de notre part ou de la v\u00f4tre qui ne peut \u00eatre exclue en vertu du droit applicable.<\/li>\n<\/ul>\n\n\n\n<p><\/p>\n\n\n\n<p>Les limitations et interdictions de responsabilit\u00e9 \u00e9nonc\u00e9es dans cette section et ailleurs dans la pr\u00e9sente clause de non-responsabilit\u00e9 : (a) sont soumises au paragraphe pr\u00e9c\u00e9dent ; et (b) r\u00e9gissent toutes les responsabilit\u00e9s d\u00e9coulant de la clause de non-responsabilit\u00e9, y compris les responsabilit\u00e9s contractuelles, d\u00e9lictuelles et en cas de violation d'une obligation l\u00e9gale.<\/p>\n\n\n\n<p>Tant que le site web et les informations et services qu'il contient sont fournis gratuitement, nous ne sommes pas responsables des pertes ou dommages de quelque nature que ce soit.<\/p>","protected":false},"excerpt":{"rendered":"<p>\u00a1Bienvenido a Domo Domos! Estos t\u00e9rminos y condiciones describen las normas y reglamentos de uso del sitio Web de Domo Domo, ubicado en https:\/\/domodomos.com. Al acceder a este sitio web asumimos que acepta estos t\u00e9rminos y condiciones. No contin\u00fae utilizando Domo Domos si no est\u00e1 de acuerdo en aceptar todos los t\u00e9rminos y condiciones establecidos [&hellip;]<\/p>\n","protected":false},"author":1,"featured_media":0,"parent":0,"menu_order":0,"comment_status":"closed","ping_status":"closed","template":"","meta":{"_acf_changed":false,"footnotes":""},"categories":[],"tags":[],"class_list":["post-1445","page","type-page","status-publish","hentry"],"acf":[],"_links":{"self":[{"href":"https:\/\/domodomos.com\/fr\/wp-json\/wp\/v2\/pages\/1445","targetHints":{"allow":["GET"]}}],"collection":[{"href":"https:\/\/domodomos.com\/fr\/wp-json\/wp\/v2\/pages"}],"about":[{"href":"https:\/\/domodomos.com\/fr\/wp-json\/wp\/v2\/types\/page"}],"author":[{"embeddable":true,"href":"https:\/\/domodomos.com\/fr\/wp-json\/wp\/v2\/users\/1"}],"replies":[{"embeddable":true,"href":"https:\/\/domodomos.com\/fr\/wp-json\/wp\/v2\/comments?post=1445"}],"version-history":[{"count":1,"href":"https:\/\/domodomos.com\/fr\/wp-json\/wp\/v2\/pages\/1445\/revisions"}],"predecessor-version":[{"id":1447,"href":"https:\/\/domodomos.com\/fr\/wp-json\/wp\/v2\/pages\/1445\/revisions\/1447"}],"wp:attachment":[{"href":"https:\/\/domodomos.com\/fr\/wp-json\/wp\/v2\/media?parent=1445"}],"wp:term":[{"taxonomy":"category","embeddable":true,"href":"https:\/\/domodomos.com\/fr\/wp-json\/wp\/v2\/categories?post=1445"},{"taxonomy":"post_tag","embeddable":true,"href":"https:\/\/domodomos.com\/fr\/wp-json\/wp\/v2\/tags?post=1445"}],"curies":[{"name":"wp","href":"https:\/\/api.w.org\/{rel}","templated":true}]}}