{"id":1478,"date":"2023-08-21T20:56:18","date_gmt":"2023-08-21T20:56:18","guid":{"rendered":"https:\/\/domodomos.com\/?page_id=1478"},"modified":"2023-08-21T21:01:35","modified_gmt":"2023-08-21T21:01:35","slug":"domos-europa","status":"publish","type":"page","link":"https:\/\/domodomos.com\/fr\/domos-europa\/","title":{"rendered":""},"content":{"rendered":"<p><\/p>\n\n\n\n<p><\/p>\n\n\n\n<div style=\"height:100px\" aria-hidden=\"true\" class=\"wp-block-spacer\"><\/div>\n\n\n\n<figure class=\"wp-block-image size-full is-style-default\"><img decoding=\"async\" width=\"108\" height=\"91\" src=\"https:\/\/domodomos.com\/wp-content\/uploads\/2022\/05\/unnamed.jpg\" alt=\"\" class=\"wp-image-1477\" srcset=\"https:\/\/domodomos.com\/wp-content\/uploads\/2022\/05\/unnamed.jpg 108w, https:\/\/domodomos.com\/wp-content\/uploads\/2022\/05\/unnamed-14x12.jpg 14w\" sizes=\"(max-width: 108px) 100vw, 108px\" \/><\/figure>\n\n\n\n<p>\"Domo Domo s.l. a \u00e9t\u00e9 b\u00e9n\u00e9ficiaire du Fonds europ\u00e9en de d\u00e9veloppement r\u00e9gional dont l'objectif est d'am\u00e9liorer l'utilisation et la qualit\u00e9 des technologies de l'information et de la communication et l'acc\u00e8s \u00e0 celles-ci et gr\u00e2ce auquel elle a mis en \u0153uvre les projets de Dynamisation des r\u00e9seaux sociaux, Service de promotion en ligne par le biais d'un syst\u00e8me de paiement (SEM) et le D\u00e9veloppement de mat\u00e9riel promotionnel audiovisuel \u00e0 utiliser sur Internet pour promouvoir l'incorporation des TIC dans l'activit\u00e9 normale des PME de juillet \u00e0 ao\u00fbt 2023. \u00c0 cette fin, il a \u00e9t\u00e9 soutenu par le programme TICC\u00e1maras de la Chambre de commerce de Campo de Gibraltar\".<\/p>\n\n\n\n<p>Une fa\u00e7on de faire l'Europe<\/p>","protected":false},"excerpt":{"rendered":"<p>\u201cDomo&nbsp;Domo&nbsp;s.l. ha sido beneficiaria del Fondo Europeo de Desarrollo Regional cuyo objetivo es mejorar el uso y la calidad de las tecnolog\u00edas de la informaci\u00f3n y de las comunicaciones y el acceso a las mismas y gracias al que ha implantado los proyectos de Dinamizaci\u00f3n de redes sociales, Servicio de promoci\u00f3n online mediante sistema de [&hellip;]<\/p>\n","protected":false},"author":1,"featured_media":0,"parent":0,"menu_order":0,"comment_status":"closed","ping_status":"closed","template":"","meta":{"_acf_changed":false,"footnotes":""},"categories":[],"tags":[],"class_list":["post-1478","page","type-page","status-publish","hentry"],"acf":[],"_links":{"self":[{"href":"https:\/\/domodomos.com\/fr\/wp-json\/wp\/v2\/pages\/1478","targetHints":{"allow":["GET"]}}],"collection":[{"href":"https:\/\/domodomos.com\/fr\/wp-json\/wp\/v2\/pages"}],"about":[{"href":"https:\/\/domodomos.com\/fr\/wp-json\/wp\/v2\/types\/page"}],"author":[{"embeddable":true,"href":"https:\/\/domodomos.com\/fr\/wp-json\/wp\/v2\/users\/1"}],"replies":[{"embeddable":true,"href":"https:\/\/domodomos.com\/fr\/wp-json\/wp\/v2\/comments?post=1478"}],"version-history":[{"count":5,"href":"https:\/\/domodomos.com\/fr\/wp-json\/wp\/v2\/pages\/1478\/revisions"}],"predecessor-version":[{"id":1487,"href":"https:\/\/domodomos.com\/fr\/wp-json\/wp\/v2\/pages\/1478\/revisions\/1487"}],"wp:attachment":[{"href":"https:\/\/domodomos.com\/fr\/wp-json\/wp\/v2\/media?parent=1478"}],"wp:term":[{"taxonomy":"category","embeddable":true,"href":"https:\/\/domodomos.com\/fr\/wp-json\/wp\/v2\/categories?post=1478"},{"taxonomy":"post_tag","embeddable":true,"href":"https:\/\/domodomos.com\/fr\/wp-json\/wp\/v2\/tags?post=1478"}],"curies":[{"name":"wp","href":"https:\/\/api.w.org\/{rel}","templated":true}]}}