{"id":835,"date":"2022-06-02T07:00:55","date_gmt":"2022-06-02T07:00:55","guid":{"rendered":"https:\/\/domodomos.com\/?page_id=835"},"modified":"2023-11-25T16:23:12","modified_gmt":"2023-11-25T16:23:12","slug":"servicios","status":"publish","type":"page","link":"https:\/\/domodomos.com\/fr\/servicios\/","title":{"rendered":"Services"},"content":{"rendered":"<div data-elementor-type=\"wp-page\" data-elementor-id=\"835\" class=\"elementor elementor-835\" data-elementor-post-type=\"page\">\n\t\t\t\t\t\t<section class=\"elementor-section elementor-top-section elementor-element elementor-element-4ed39f8 elementor-section-height-min-height elementor-section-boxed elementor-section-height-default elementor-section-items-middle\" data-id=\"4ed39f8\" data-element_type=\"section\" data-e-type=\"section\" data-settings=\"{&quot;background_background&quot;:&quot;classic&quot;,&quot;shape_divider_bottom&quot;:&quot;mountains&quot;}\">\n\t\t\t\t\t<div class=\"elementor-shape elementor-shape-bottom\" aria-hidden=\"true\" data-negative=\"false\">\n\t\t\t<svg xmlns=\"http:\/\/www.w3.org\/2000\/svg\" viewbox=\"0 0 1000 100\" preserveaspectratio=\"none\">\n\t<path class=\"elementor-shape-fill\" opacity=\"0.33\" d=\"M473,67.3c-203.9,88.3-263.1-34-320.3,0C66,119.1,0,59.7,0,59.7V0h1000v59.7 c0,0-62.1,26.1-94.9,29.3c-32.8,3.3-62.8-12.3-75.8-22.1C806,49.6,745.3,8.7,694.9,4.7S492.4,59,473,67.3z\"\/>\n\t<path class=\"elementor-shape-fill\" opacity=\"0.66\" d=\"M734,67.3c-45.5,0-77.2-23.2-129.1-39.1c-28.6-8.7-150.3-10.1-254,39.1 s-91.7-34.4-149.2,0C115.7,118.3,0,39.8,0,39.8V0h1000v36.5c0,0-28.2-18.5-92.1-18.5C810.2,18.1,775.7,67.3,734,67.3z\"\/>\n\t<path class=\"elementor-shape-fill\" d=\"M766.1,28.9c-200-57.5-266,65.5-395.1,19.5C242,1.8,242,5.4,184.8,20.6C128,35.8,132.3,44.9,89.9,52.5C28.6,63.7,0,0,0,0 h1000c0,0-9.9,40.9-83.6,48.1S829.6,47,766.1,28.9z\"\/>\n<\/svg>\t\t<\/div>\n\t\t\t\t\t<div class=\"elementor-container elementor-column-gap-default\">\n\t\t\t\t\t<div class=\"elementor-column elementor-col-100 elementor-top-column elementor-element elementor-element-75b1c15 elementor-invisible\" data-id=\"75b1c15\" data-element_type=\"column\" data-e-type=\"column\" data-settings=\"{&quot;animation&quot;:&quot;fadeInLeft&quot;}\">\n\t\t\t<div class=\"elementor-widget-wrap elementor-element-populated\">\n\t\t\t\t\t\t<div class=\"elementor-element elementor-element-5e19dcc elementor-invisible elementor-widget elementor-widget-heading\" data-id=\"5e19dcc\" data-element_type=\"widget\" data-e-type=\"widget\" data-settings=\"{&quot;_animation&quot;:&quot;fadeInUp&quot;}\" data-widget_type=\"heading.default\">\n\t\t\t\t<div class=\"elementor-widget-container\">\n\t\t\t\t\t<h2 class=\"elementor-heading-title elementor-size-default\">SERVICES<\/h2>\t\t\t\t<\/div>\n\t\t\t\t<\/div>\n\t\t\t\t\t<\/div>\n\t\t<\/div>\n\t\t\t\t\t<\/div>\n\t\t<\/section>\n\t\t\t\t<section class=\"elementor-section elementor-top-section elementor-element elementor-element-b40e7a1 elementor-section-boxed elementor-section-height-default elementor-section-height-default\" data-id=\"b40e7a1\" data-element_type=\"section\" data-e-type=\"section\">\n\t\t\t\t\t\t<div class=\"elementor-container elementor-column-gap-default\">\n\t\t\t\t\t<div class=\"elementor-column elementor-col-100 elementor-top-column elementor-element elementor-element-2a38dd7\" data-id=\"2a38dd7\" data-element_type=\"column\" data-e-type=\"column\">\n\t\t\t<div class=\"elementor-widget-wrap elementor-element-populated\">\n\t\t\t\t\t\t<div class=\"elementor-element elementor-element-352367f elementor-widget elementor-widget-spacer\" data-id=\"352367f\" data-element_type=\"widget\" data-e-type=\"widget\" data-widget_type=\"spacer.default\">\n\t\t\t\t<div class=\"elementor-widget-container\">\n\t\t\t\t\t\t\t<div class=\"elementor-spacer\">\n\t\t\t<div class=\"elementor-spacer-inner\"><\/div>\n\t\t<\/div>\n\t\t\t\t\t\t<\/div>\n\t\t\t\t<\/div>\n\t\t\t\t<div class=\"elementor-element elementor-element-fb77709 elementor-widget elementor-widget-menu-anchor\" data-id=\"fb77709\" data-element_type=\"widget\" data-e-type=\"widget\" data-widget_type=\"menu-anchor.default\">\n\t\t\t\t<div class=\"elementor-widget-container\">\n\t\t\t\t\t\t\t<div class=\"elementor-menu-anchor\" id=\"services\"><\/div>\n\t\t\t\t\t\t<\/div>\n\t\t\t\t<\/div>\n\t\t\t\t\t<\/div>\n\t\t<\/div>\n\t\t\t\t\t<\/div>\n\t\t<\/section>\n\t\t\t\t<section class=\"elementor-section elementor-top-section elementor-element elementor-element-5c4fd2e elementor-section-boxed elementor-section-height-default elementor-section-height-default\" data-id=\"5c4fd2e\" data-element_type=\"section\" data-e-type=\"section\">\n\t\t\t\t\t\t<div class=\"elementor-container elementor-column-gap-default\">\n\t\t\t\t\t<div class=\"elementor-column elementor-col-50 elementor-top-column elementor-element elementor-element-5c327f1\" data-id=\"5c327f1\" data-element_type=\"column\" data-e-type=\"column\" data-settings=\"{&quot;background_background&quot;:&quot;classic&quot;}\">\n\t\t\t<div class=\"elementor-widget-wrap elementor-element-populated\">\n\t\t\t\t\t\t<div class=\"elementor-element elementor-element-be90dd5 elementor-widget elementor-widget-image\" data-id=\"be90dd5\" data-element_type=\"widget\" data-e-type=\"widget\" data-widget_type=\"image.default\">\n\t\t\t\t<div class=\"elementor-widget-container\">\n\t\t\t\t\t\t\t\t\t\t\t\t\t\t\t<img fetchpriority=\"high\" decoding=\"async\" width=\"800\" height=\"418\" src=\"https:\/\/domodomos.com\/wp-content\/uploads\/2022\/06\/screenshot-www.youtube.com-2022.06.02-09_13_47-1024x535.png\" class=\"attachment-large size-large wp-image-842\" alt=\"\" srcset=\"https:\/\/domodomos.com\/wp-content\/uploads\/2022\/06\/screenshot-www.youtube.com-2022.06.02-09_13_47-1024x535.png 1024w, https:\/\/domodomos.com\/wp-content\/uploads\/2022\/06\/screenshot-www.youtube.com-2022.06.02-09_13_47-300x157.png 300w, https:\/\/domodomos.com\/wp-content\/uploads\/2022\/06\/screenshot-www.youtube.com-2022.06.02-09_13_47-768x401.png 768w, https:\/\/domodomos.com\/wp-content\/uploads\/2022\/06\/screenshot-www.youtube.com-2022.06.02-09_13_47-18x9.png 18w, https:\/\/domodomos.com\/wp-content\/uploads\/2022\/06\/screenshot-www.youtube.com-2022.06.02-09_13_47.png 1278w\" sizes=\"(max-width: 800px) 100vw, 800px\" \/>\t\t\t\t\t\t\t\t\t\t\t\t\t\t\t<\/div>\n\t\t\t\t<\/div>\n\t\t\t\t<div class=\"elementor-element elementor-element-4b7ddd5 elementor-widget elementor-widget-heading\" data-id=\"4b7ddd5\" data-element_type=\"widget\" data-e-type=\"widget\" data-widget_type=\"heading.default\">\n\t\t\t\t<div class=\"elementor-widget-container\">\n\t\t\t\t\t<h2 class=\"elementor-heading-title elementor-size-default\">installation<\/h2>\t\t\t\t<\/div>\n\t\t\t\t<\/div>\n\t\t\t\t<div class=\"elementor-element elementor-element-265aada elementor-widget-divider--view-line elementor-widget elementor-widget-divider\" data-id=\"265aada\" data-element_type=\"widget\" data-e-type=\"widget\" data-widget_type=\"divider.default\">\n\t\t\t\t<div class=\"elementor-widget-container\">\n\t\t\t\t\t\t\t<div class=\"elementor-divider\">\n\t\t\t<span class=\"elementor-divider-separator\">\n\t\t\t\t\t\t<\/span>\n\t\t<\/div>\n\t\t\t\t\t\t<\/div>\n\t\t\t\t<\/div>\n\t\t\t\t<div class=\"elementor-element elementor-element-cb47914 elementor-widget elementor-widget-text-editor\" data-id=\"cb47914\" data-element_type=\"widget\" data-e-type=\"widget\" data-widget_type=\"text-editor.default\">\n\t\t\t\t<div class=\"elementor-widget-container\">\n\t\t\t\t\t\t\t\t\t<p>Pour un maximum de confort et d'efficacit\u00e9, nous recommandons que les DOMO DOMOS soient install\u00e9s par nos professionnels. Les tarifs sont raisonnables, car nous voulons que vous profitiez de votre nouvel espace le plus rapidement et le plus s\u00fbrement possible.<\/p><p>En fonction de la surface et de la hauteur, des outils et des mat\u00e9riaux sp\u00e9cifiques peuvent \u00eatre n\u00e9cessaires pour l'assemblage des structures g\u00e9od\u00e9siques. En cas d'ajout de planchers, de salles de bains, de cloisons int\u00e9rieures, de cuisines ou de sols, la construction devient plus complexe.<\/p><p>En fonction de la surface et du mat\u00e9riau (acier galvanis\u00e9 ou aluminium), le temps de montage sera diff\u00e9rent. Par exemple, pour un DOMO de 6 m\u00e8tres de diam\u00e8tre (pr\u00e8s de 30 m2 de surface), le temps de montage est de 4 \u00e0 6 heures avec une \u00e9quipe de 4 personnes.<\/p>\t\t\t\t\t\t\t\t<\/div>\n\t\t\t\t<\/div>\n\t\t\t\t\t<\/div>\n\t\t<\/div>\n\t\t\t\t<div class=\"elementor-column elementor-col-50 elementor-top-column elementor-element elementor-element-29ed817\" data-id=\"29ed817\" data-element_type=\"column\" data-e-type=\"column\" data-settings=\"{&quot;background_background&quot;:&quot;classic&quot;}\">\n\t\t\t<div class=\"elementor-widget-wrap elementor-element-populated\">\n\t\t\t\t\t\t<div class=\"elementor-element elementor-element-9411545 elementor-widget elementor-widget-image\" data-id=\"9411545\" data-element_type=\"widget\" data-e-type=\"widget\" data-widget_type=\"image.default\">\n\t\t\t\t<div class=\"elementor-widget-container\">\n\t\t\t\t\t\t\t\t\t\t\t\t\t\t\t<img decoding=\"async\" width=\"800\" height=\"600\" src=\"https:\/\/domodomos.com\/wp-content\/uploads\/2022\/06\/Geodesic-Wedding-Domes-Party-dome-Tent-Festival-Domes-Tents-1-1024x768.jpg\" class=\"attachment-large size-large wp-image-843\" alt=\"\" srcset=\"https:\/\/domodomos.com\/wp-content\/uploads\/2022\/06\/Geodesic-Wedding-Domes-Party-dome-Tent-Festival-Domes-Tents-1-1024x768.jpg 1024w, https:\/\/domodomos.com\/wp-content\/uploads\/2022\/06\/Geodesic-Wedding-Domes-Party-dome-Tent-Festival-Domes-Tents-1-300x225.jpg 300w, https:\/\/domodomos.com\/wp-content\/uploads\/2022\/06\/Geodesic-Wedding-Domes-Party-dome-Tent-Festival-Domes-Tents-1-768x576.jpg 768w, https:\/\/domodomos.com\/wp-content\/uploads\/2022\/06\/Geodesic-Wedding-Domes-Party-dome-Tent-Festival-Domes-Tents-1-16x12.jpg 16w, https:\/\/domodomos.com\/wp-content\/uploads\/2022\/06\/Geodesic-Wedding-Domes-Party-dome-Tent-Festival-Domes-Tents-1.jpg 1200w\" sizes=\"(max-width: 800px) 100vw, 800px\" \/>\t\t\t\t\t\t\t\t\t\t\t\t\t\t\t<\/div>\n\t\t\t\t<\/div>\n\t\t\t\t<div class=\"elementor-element elementor-element-443cadf elementor-widget elementor-widget-heading\" data-id=\"443cadf\" data-element_type=\"widget\" data-e-type=\"widget\" data-widget_type=\"heading.default\">\n\t\t\t\t<div class=\"elementor-widget-container\">\n\t\t\t\t\t<h2 class=\"elementor-heading-title elementor-size-default\">location<\/h2>\t\t\t\t<\/div>\n\t\t\t\t<\/div>\n\t\t\t\t<div class=\"elementor-element elementor-element-e2302a6 elementor-widget-divider--view-line elementor-widget elementor-widget-divider\" data-id=\"e2302a6\" data-element_type=\"widget\" data-e-type=\"widget\" data-widget_type=\"divider.default\">\n\t\t\t\t<div class=\"elementor-widget-container\">\n\t\t\t\t\t\t\t<div class=\"elementor-divider\">\n\t\t\t<span class=\"elementor-divider-separator\">\n\t\t\t\t\t\t<\/span>\n\t\t<\/div>\n\t\t\t\t\t\t<\/div>\n\t\t\t\t<\/div>\n\t\t\t\t<div class=\"elementor-element elementor-element-9f7b667 elementor-widget elementor-widget-text-editor\" data-id=\"9f7b667\" data-element_type=\"widget\" data-e-type=\"widget\" data-widget_type=\"text-editor.default\">\n\t\t\t\t<div class=\"elementor-widget-container\">\n\t\t\t\t\t\t\t\t\t<p>Pour des \u00e9v\u00e9nements ou des s\u00e9jours temporaires, demandez \u00e0 notre \u00e9quipe les mod\u00e8les et les tailles disponibles. Nous nous chargeons du transport, du montage et du d\u00e9montage du DOMO DOMO sur le lieu de livraison et le laissons \u00e0 votre disposition pour que vous puissiez profiter de votre exp\u00e9rience. Parfait pour les mariages, les f\u00eates de famille et les \u00e9v\u00e9nements d'entreprise,<\/p>\t\t\t\t\t\t\t\t<\/div>\n\t\t\t\t<\/div>\n\t\t\t\t\t<\/div>\n\t\t<\/div>\n\t\t\t\t\t<\/div>\n\t\t<\/section>\n\t\t\t\t<\/div>","protected":false},"excerpt":{"rendered":"<p>SERVICIOS instalaci\u00f3n Para la mayor comodidad y eficiencia recomendamos que los DOMO DOMOS sean instalados por nuestros profesionales. Las tarifas son razonables en coste, ya que queremos que disfrutes lo antes possible y con la mayor seguridad de tu nuevo espacio. Dependiendo del area y altura, pueden requerirse herramientas y materiales especificos para el montaje [&hellip;]<\/p>\n","protected":false},"author":1,"featured_media":0,"parent":0,"menu_order":0,"comment_status":"closed","ping_status":"closed","template":"","meta":{"_acf_changed":false,"footnotes":""},"categories":[],"tags":[],"class_list":["post-835","page","type-page","status-publish","hentry"],"acf":[],"_links":{"self":[{"href":"https:\/\/domodomos.com\/fr\/wp-json\/wp\/v2\/pages\/835","targetHints":{"allow":["GET"]}}],"collection":[{"href":"https:\/\/domodomos.com\/fr\/wp-json\/wp\/v2\/pages"}],"about":[{"href":"https:\/\/domodomos.com\/fr\/wp-json\/wp\/v2\/types\/page"}],"author":[{"embeddable":true,"href":"https:\/\/domodomos.com\/fr\/wp-json\/wp\/v2\/users\/1"}],"replies":[{"embeddable":true,"href":"https:\/\/domodomos.com\/fr\/wp-json\/wp\/v2\/comments?post=835"}],"version-history":[{"count":1,"href":"https:\/\/domodomos.com\/fr\/wp-json\/wp\/v2\/pages\/835\/revisions"}],"predecessor-version":[{"id":1269,"href":"https:\/\/domodomos.com\/fr\/wp-json\/wp\/v2\/pages\/835\/revisions\/1269"}],"wp:attachment":[{"href":"https:\/\/domodomos.com\/fr\/wp-json\/wp\/v2\/media?parent=835"}],"wp:term":[{"taxonomy":"category","embeddable":true,"href":"https:\/\/domodomos.com\/fr\/wp-json\/wp\/v2\/categories?post=835"},{"taxonomy":"post_tag","embeddable":true,"href":"https:\/\/domodomos.com\/fr\/wp-json\/wp\/v2\/tags?post=835"}],"curies":[{"name":"wp","href":"https:\/\/api.w.org\/{rel}","templated":true}]}}