{"id":1478,"date":"2023-08-21T20:56:18","date_gmt":"2023-08-21T20:56:18","guid":{"rendered":"https:\/\/domodomos.com\/?page_id=1478"},"modified":"2023-08-21T21:01:35","modified_gmt":"2023-08-21T21:01:35","slug":"domos-europa","status":"publish","type":"page","link":"https:\/\/domodomos.com\/it\/domos-europa\/","title":{"rendered":""},"content":{"rendered":"<p><\/p>\n\n\n\n<p><\/p>\n\n\n\n<div style=\"height:100px\" aria-hidden=\"true\" class=\"wp-block-spacer\"><\/div>\n\n\n\n<figure class=\"wp-block-image size-full is-style-default\"><img decoding=\"async\" width=\"108\" height=\"91\" src=\"https:\/\/domodomos.com\/wp-content\/uploads\/2022\/05\/unnamed.jpg\" alt=\"\" class=\"wp-image-1477\" srcset=\"https:\/\/domodomos.com\/wp-content\/uploads\/2022\/05\/unnamed.jpg 108w, https:\/\/domodomos.com\/wp-content\/uploads\/2022\/05\/unnamed-14x12.jpg 14w\" sizes=\"(max-width: 108px) 100vw, 108px\" \/><\/figure>\n\n\n\n<p>\"Domo Domo s.l. \u00e8 stata beneficiaria del Fondo Europeo di Sviluppo Regionale il cui obiettivo \u00e8 migliorare l'uso e la qualit\u00e0 delle tecnologie dell'informazione e della comunicazione e l'accesso alle stesse e grazie al quale ha realizzato i progetti di Dinamizzazione delle reti sociali, Servizio di promozione online tramite sistema di pagamento (SEM) e Sviluppo di materiale promozionale audiovisivo da utilizzare su Internet per promuovere l'incorporazione delle TIC nella normale attivit\u00e0 delle PMI da luglio ad agosto 2023. A tal fine, \u00e8 stato sostenuto dal programma TICC\u00e1maras della Camera di Commercio di Campo de Gibraltar\".<\/p>\n\n\n\n<p>Un modo di fare Europa<\/p>","protected":false},"excerpt":{"rendered":"<p>\u201cDomo&nbsp;Domo&nbsp;s.l. ha sido beneficiaria del Fondo Europeo de Desarrollo Regional cuyo objetivo es mejorar el uso y la calidad de las tecnolog\u00edas de la informaci\u00f3n y de las comunicaciones y el acceso a las mismas y gracias al que ha implantado los proyectos de Dinamizaci\u00f3n de redes sociales, Servicio de promoci\u00f3n online mediante sistema de [&hellip;]<\/p>\n","protected":false},"author":1,"featured_media":0,"parent":0,"menu_order":0,"comment_status":"closed","ping_status":"closed","template":"","meta":{"_acf_changed":false,"footnotes":""},"categories":[],"tags":[],"class_list":["post-1478","page","type-page","status-publish","hentry"],"acf":[],"_links":{"self":[{"href":"https:\/\/domodomos.com\/it\/wp-json\/wp\/v2\/pages\/1478","targetHints":{"allow":["GET"]}}],"collection":[{"href":"https:\/\/domodomos.com\/it\/wp-json\/wp\/v2\/pages"}],"about":[{"href":"https:\/\/domodomos.com\/it\/wp-json\/wp\/v2\/types\/page"}],"author":[{"embeddable":true,"href":"https:\/\/domodomos.com\/it\/wp-json\/wp\/v2\/users\/1"}],"replies":[{"embeddable":true,"href":"https:\/\/domodomos.com\/it\/wp-json\/wp\/v2\/comments?post=1478"}],"version-history":[{"count":5,"href":"https:\/\/domodomos.com\/it\/wp-json\/wp\/v2\/pages\/1478\/revisions"}],"predecessor-version":[{"id":1487,"href":"https:\/\/domodomos.com\/it\/wp-json\/wp\/v2\/pages\/1478\/revisions\/1487"}],"wp:attachment":[{"href":"https:\/\/domodomos.com\/it\/wp-json\/wp\/v2\/media?parent=1478"}],"wp:term":[{"taxonomy":"category","embeddable":true,"href":"https:\/\/domodomos.com\/it\/wp-json\/wp\/v2\/categories?post=1478"},{"taxonomy":"post_tag","embeddable":true,"href":"https:\/\/domodomos.com\/it\/wp-json\/wp\/v2\/tags?post=1478"}],"curies":[{"name":"wp","href":"https:\/\/api.w.org\/{rel}","templated":true}]}}